{"id":3903,"date":"2021-12-01T08:22:22","date_gmt":"2021-12-01T08:22:22","guid":{"rendered":"https:\/\/conductcan.com\/?page_id=3903"},"modified":"2025-11-04T22:54:32","modified_gmt":"2025-11-04T22:54:32","slug":"preguntes-frequents","status":"publish","type":"page","link":"https:\/\/conductcan.com\/ca\/preguntes-frequents\/","title":{"rendered":"Preguntes Freq\u00fcents"},"content":{"rendered":"<p>[et_pb_section fb_built=&#8221;1&#8243; disabled_on=&#8221;off|off|off&#8221; _builder_version=&#8221;4.16&#8243; background_image=&#8221;https:\/\/conductcan.com\/wp-content\/uploads\/2019\/01\/preguntas_frecuentes_conductcan_1.jpg&#8221; custom_padding=&#8221;250px||250px|&#8221; global_colors_info=&#8221;{}&#8221;][et_pb_row _builder_version=&#8221;4.16&#8243; background_size=&#8221;initial&#8221; background_position=&#8221;top_left&#8221; background_repeat=&#8221;repeat&#8221; global_colors_info=&#8221;{}&#8221;][et_pb_column type=&#8221;4_4&#8243; _builder_version=&#8221;4.16&#8243; custom_padding=&#8221;|||&#8221; global_colors_info=&#8221;{}&#8221; custom_padding__hover=&#8221;|||&#8221;][\/et_pb_column][\/et_pb_row][\/et_pb_section][et_pb_section fb_built=&#8221;1&#8243; _builder_version=&#8221;4.16&#8243; global_colors_info=&#8221;{}&#8221;][et_pb_row _builder_version=&#8221;4.16&#8243; module_alignment=&#8221;center&#8221; global_colors_info=&#8221;{}&#8221;][et_pb_column type=&#8221;4_4&#8243; _builder_version=&#8221;4.16&#8243; custom_padding=&#8221;|||&#8221; global_colors_info=&#8221;{}&#8221; custom_padding__hover=&#8221;|||&#8221;][et_pb_text _builder_version=&#8221;4.16&#8243; text_orientation=&#8221;center&#8221; max_width=&#8221;800px&#8221; module_alignment=&#8221;center&#8221; global_colors_info=&#8221;{}&#8221;]<\/p>\n<h1>Troba la teva Resposta a Preguntes Freq\u00fcents Conductcan<\/h1>\n<p>[\/et_pb_text][et_pb_text _builder_version=&#8221;4.16&#8243; text_orientation=&#8221;center&#8221; max_width=&#8221;800px&#8221; module_alignment=&#8221;center&#8221; global_colors_info=&#8221;{}&#8221;]En aquest apartat de Preguntes Freq\u00fcents <span class=\"hiddenSpellError\">Conductcan<\/span> posem a la teva disposici\u00f3 un ampli sortit de preguntes i dubtes amb les seves respectives respostes que segur que t&#8217;ajudaran a entendre millor el teu gos i les seves cures.<\/p>\n<p>La nostra intenci\u00f3 sempre ser\u00e0 <span class=\"hiddenSpellError\">manetir<\/span><span class=\"hiddenGrammarError\">-los<\/span> actualitzats i informats sobre tot el que rodeja la seva mascota, entenem que \u00e9s la millor manera que vost\u00e8 estigui content amb el seu comportament i el seu gos feli\u00e7 amb el seu amo.<br \/>\n[\/et_pb_text][\/et_pb_column][\/et_pb_row][et_pb_row column_structure=&#8221;1_3,2_3&#8243; _builder_version=&#8221;4.16&#8243; background_size=&#8221;initial&#8221; background_position=&#8221;top_left&#8221; background_repeat=&#8221;repeat&#8221; global_colors_info=&#8221;{}&#8221;][et_pb_column type=&#8221;1_3&#8243; _builder_version=&#8221;4.16&#8243; custom_padding=&#8221;|||&#8221; global_colors_info=&#8221;{}&#8221; custom_padding__hover=&#8221;|||&#8221;][et_pb_image src=&#8221;https:\/\/conductcan.com\/wp-content\/uploads\/2019\/01\/preguntas_frecuentes_conductcan_2.jpg&#8221; align=&#8221;center&#8221; _builder_version=&#8221;4.16&#8243; max_width=&#8221;300px&#8221; module_alignment=&#8221;center&#8221; border_radii=&#8221;on|100%|100%|100%|100%&#8221; always_center_on_mobile=&#8221;off&#8221; global_colors_info=&#8221;{}&#8221;][\/et_pb_image][\/et_pb_column][et_pb_column type=&#8221;2_3&#8243; _builder_version=&#8221;4.16&#8243; custom_padding=&#8221;|||&#8221; global_colors_info=&#8221;{}&#8221; custom_padding__hover=&#8221;|||&#8221;][et_pb_accordion module_class=&#8221;w-accordion&#8221; _builder_version=&#8221;4.16&#8243; global_colors_info=&#8221;{}&#8221;][et_pb_accordion_item open=&#8221;on&#8221; _builder_version=&#8221;4.16&#8243; global_colors_info=&#8221;{}&#8221;][\/et_pb_accordion_item][et_pb_accordion_item title=&#8221;\u00bfC\u00f3mo piensa un perro, la agresividad, el castigo ? \u00bfC\u00f3mo debemos actuar?&#8221; _builder_version=&#8221;4.16&#8243; global_colors_info=&#8221;{}&#8221; open=&#8221;off&#8221;]Per comen\u00e7ar a entendre com pensa un gos el m\u00e9s f\u00e0cil \u00e9s pensar en valors absoluts: existeix el blanc i el negre, per\u00f2 no el gris; existeix s\u00ed o no, per\u00f2 no potser o dep\u00e8n; existeix el zero o l&#8217;u, per\u00f2 no el 0,5 ni el 0,3. Amb aix\u00f2 vull dir que si ell fa quelcom b\u00e9 hem de donar-li una car\u00edcia; per contra, si fa quelcom malament, tamb\u00e9 hem de fer-li entendre. El c\u00e0stig, cosa que no ens agrada a ning\u00fa, no dep\u00e8n de la gravetat del que ell hagi fet, sent incorrecte el que molts cops es diu: &#8220;soc molt fluix quan el renyo, menys si fa alguna cosa vertaderament greu&#8221;. Encara que faci quelcom de poca gravetat hem de rectificar-lo per aix\u00ed evitar mals majors. La seva manera i visi\u00f3 de resoldre qualsevol situaci\u00f3 \u00e9s molt diferent de la nostra. Entre ells existeix el joc i tamb\u00e9 les demostracions de poder mitjan\u00e7ant la for\u00e7a; no existeix el rancor, la mal\u00edcia ni cap mena d&#8217;estrat\u00e8gia <span class=\"hiddenSpellError\">subliminal<\/span>. Per ells \u00e9s l'&#8221;ara&#8221; el que viuen i les seves reaccions van totalment lligades a aquest mateix instant. \u00c9s per tot aix\u00f2 que la comunicaci\u00f3 m\u00e9s clara per ells \u00e9s mitjan\u00e7ant el c\u00e0stig per entendre una reprimenda i pel contrari la car\u00edcia o el joc com a recompensa a una bona acci\u00f3; en ambd\u00f3s casos es tracta que senti el que volem comunicar-li, tal com ells fan entre si. Nom\u00e9s hem d&#8217;observar qu\u00e8 passa quan es fa quelcom que no agrada al gos: en moltes ocasions intenta mossegar (o ensenya les dents avisant de les seves intencions). Hem d&#8217;actuar de la seva mateixa manera, parlant el seu idioma, ja que \u00e9s l&#8217;\u00fanica manera en qu\u00e8 podr\u00e0 entendre&#8217;ns. Evidentment a ning\u00fa li agrada reprendre al seu animal. Per tant, si hem de fer-ho, val m\u00e9s una \u00fanica vegada i que aquesta sigui l&#8217;\u00faltima. <strong>No es tracta de pegar al gos cont\u00ednuament; AL GOS NO SE&#8217;L PEGA.<\/strong> Per\u00f2 si hagu\u00e9ssim de fer-ho, hauria de ser un cop i mai m\u00e9s: no \u00e9s pel que ara ha fet, sin\u00f3 perqu\u00e8 dem\u00e0 no ho torni a repetir. Molta gent creu que aix\u00ed l&#8217;animal es pot tornar agressiu. Si el tractem com \u00e9s degut i com ell es mereix (fent-li entendre qu\u00e8 esperem d&#8217;ell i quin \u00e9s el seu lloc a la nostra &#8220;manada&#8221;) no es tornar\u00e0 agressiu, tot al contrari; ser\u00e0 un gos equilibrat i segur. No hi ha res m\u00e9s important que saber quin \u00e9s el nostre lloc en aquesta vida, i el mateix passa amb els nostres animals. El gos es tornar\u00e0 agressiu si no el sabem controlar i no el dominem, perqu\u00e8 ell no renunciar\u00e0 mai a imposar la seva voluntat de la manera que ell sap (per la for\u00e7a), almenys que el convencem del contrari. La q\u00fcesti\u00f3 \u00e9s que ell \u00e9s un animal, i nosaltres persones. Si volem entendre&#8217;ls i sobretot que ens entenguin, hem d&#8217;aprendre a pensar i a expressar-nos amb ells com ells ho fan.<br \/>\n[\/et_pb_accordion_item][et_pb_accordion_item title=&#8221;\u00bf Problemas con la comida?&#8221; _builder_version=&#8221;4.16&#8243; global_colors_info=&#8221;{}&#8221; open=&#8221;off&#8221;]<strong>Comentari rebut des del nostre consultori:\u00a0<\/strong><\/p>\n<p>Hola,<\/p>\n<p>Tinc un caniche de <span class=\"hiddenGreenError\">3<\/span> anys i no vol menjar. Pot passar dies sense menjar ni beure aigua, nom\u00e9s menja el que vol. El veterinari m&#8217;ha dit que si no vol que no mengi, per\u00f2 em sap greu veure que no menja. Va ser culpa meva perqu\u00e8 el vaig deixar a casa de familiars i li donaven pollastre o bistec, jo he provat de donar-li carn o pollastre, per\u00f2 ho llepa i deixa el pinso. Estic una mica desesperat.<\/p>\n<p><strong>La nostra resposta:\u00a0<\/strong><\/p>\n<p>El problema amb l&#8217;alimentaci\u00f3 \u00e9s que si l&#8217;acostumem a tota mena de menjar i li donem qualsevol cosa, ells voldran que seguim donant-los capricis i canviar aix\u00f2 ens portar\u00e0 una mica de temps.<\/p>\n<p>Tot i que creiem que els estem fent un favor i que el millor \u00e9s oferir-li varietat en la seva alimentaci\u00f3, hem de tenir present que l&#8217;alimentaci\u00f3 que nosaltres ingerim no \u00e9s saludable per ell. L&#8217;important \u00e9s donar-los un pinso de qualitat que contingui tot el que ell precisa per la seva salut.<\/p>\n<p>Sobre els comentaris del teu veterinari, estic d&#8217;acord: el fos no \u00e9s tan est\u00fapid com per deixar-se morir de gana.<\/p>\n<p>Posa-li de menjar nom\u00e9s pinso. Presenta-li el menjar dos cops al dia. Despr\u00e9s de deu minuts, retira el plat. \u00c9s important ser ordenat amb les hores de menjar, nosaltres no som partidaris de deixar el pinso tot el dia i que ell mengi a demanda.<\/p>\n<p>Per controlar les seves defecacions i evitar problemes de necessitats en llocs i a hores indesitjades, \u00e9s important tamb\u00e9 mantenir unes pautes d&#8217;horari concretes en donar-los menjar. A m\u00e9s, el seu est\u00f3mac ho agrair\u00e0 i les seves digestions seran majors.<\/p>\n<p>Comen\u00e7a a preocupar-te si passa una setmana sense menjar, per\u00f2 no abans.<\/p>\n<p>Est\u00e0 jugant amb els teus sentiments!<\/p>\n<p>Una abra\u00e7ada<br \/>\n[\/et_pb_accordion_item][et_pb_accordion_item title=&#8221; \u00bfExiste el perro problem\u00e1tico?&#8221; _builder_version=&#8221;4.16&#8243; global_colors_info=&#8221;{}&#8221; open=&#8221;off&#8221;]El gos problem\u00e0tic no existeix; existeix l&#8217;amo problem\u00e0tic o no. Amb aquesta afirmaci\u00f3 tan contundent vull dir que el gos no \u00e9s ni bo ni dolent; simplement arribar\u00e0 a ser el fruit de l&#8217;educaci\u00f3 que se li proporcioni. Se&#8217;l pot educar correctament, se&#8217;l pot haver educat malament o simplement no educar-lo activament (no fer res en concret perqu\u00e8 es comporti, cosa que \u00e9s sin\u00f2nim d&#8217;educar-lo malament). La nostra vertadera feina \u00e9s entendre les claus del comportament del gos perqu\u00e8, adaptant-se a elles els nostres clients s\u00e0piguen tractar-los, entendre&#8217;ls i controlar-los correctament per arribar a ambd\u00f3s (gos i amo) a gaudir de la conviv\u00e8ncia equilibrada, feli\u00e7 i plena de satisfaccions per tots.<\/p>\n<p>Com una primera introducci\u00f3 a l&#8217;educaci\u00f3 d&#8217;un gos, em permeto suggerir dos articles. S\u00f3n &#8220;L&#8217;obedi\u00e8ncia b\u00e0sica&#8221; i &#8220;Educar al gos&#8221; (estan a la secci\u00f3 &#8220;premsa&#8221; de www.conductcan.com). Espero que serveixin d&#8217;ajuda; crec que es <span class=\"hiddenGrammarError\">poden<\/span> trobar en ells millors respostes a molts dubtes que ens preocupen.<br \/>\n[\/et_pb_accordion_item][et_pb_accordion_item title=&#8221; \u00bfCu\u00e1l es la edad ideal para adiestrar un perro?&#8221; _builder_version=&#8221;4.16&#8243; global_colors_info=&#8221;{}&#8221; open=&#8221;off&#8221;]El primer que vull dir \u00e9s que l&#8217;edat ideal per comen\u00e7ar l&#8217;ensinistrament amb un gos \u00e9s entre els 6 i els 8 mesos, perqu\u00e8 seria en principi el moment anterior a la pubertat de l&#8217;animal. Per descomptat, abans dels <span class=\"hiddenGreenError\">6<\/span> mesos \u00e9s capa\u00e7 d&#8217;aprendre moltes coses, per\u00f2 no \u00e9s prou madur per a suportar l&#8217;estr\u00e8s que un treball intensiu pot suposar-li.<\/p>\n<p>Despr\u00e9s dels <span class=\"hiddenGreenError\">8<\/span> mesos sempre s&#8217;\u00e9s a temps d&#8217;ensinistrar-lo, per\u00f2 com m\u00e9s experi\u00e8ncia t\u00e9 m\u00e9s complicat ser\u00e0 conv\u00e8ncer-lo que ha de canviar els seus h\u00e0bits. De totes maneres (i tot i que insisteixo que se&#8217;l podria ensinistrar a qualsevol edat) la feina comen\u00e7a a complicar-se vertaderament a partir de l&#8217;any i mig o dos.<\/p>\n<p>Per con\u00e8ixer m\u00e9s detalls sobre quina \u00e9s l&#8217;edat ideal per educar a un gos, en la secci\u00f3 d&#8217;articles de www.conductcan.com hi ha un que parta sobre el tema, i un altre que tamb\u00e9 facilita m\u00e9s informaci\u00f3 sobre el que suposa l&#8217;educaci\u00f3 del gos en general.<\/p>\n<p>Hi ha &#8220;et\u00f2legs&#8221; o &#8220;professionals&#8221; de l&#8217;educaci\u00f3 canina que fan &#8220;cursos per cadells&#8221; a una edat massa primerenca. En la meva opini\u00f3, per un costat \u00e9s un error sotmetre a un cadell a un estr\u00e8s innecessari i, per l&#8217;altre, els resultats dels treballs per premis sobre cadells s&#8217;extingeixen amb l&#8217;edat de l&#8217;animal.<\/p>\n<p>De totes maneres, el que no hem d&#8217;oblidar mai \u00e9s que cada animal \u00e9s \u00fanic, i que el millor \u00e9s adaptar-se a cada individu estudiant de prop el cas.<br \/>\n[\/et_pb_accordion_item][et_pb_accordion_item title=&#8221; Propuestas para los cachorros, \u00bfC\u00f3mo empezar?&#8221; _builder_version=&#8221;4.16&#8243; global_colors_info=&#8221;{}&#8221; open=&#8221;off&#8221;]Hi ha &#8220;et\u00f2legs&#8221; o &#8220;professionals&#8221; de l&#8217;educaci\u00f3 canina que fan &#8220;cursos per cadells&#8221; a una edat massa primerenca. En la meva opini\u00f3, per un costat \u00e9s un error sotmetre a un cadell a un estr\u00e8s innecessari i, per l&#8217;altre, els resultats dels treballs per premis sobre cadells s&#8217;extingeixen amb l&#8217;edat de l&#8217;animal.<\/p>\n<p>De totes maneres, el que no hem d&#8217;oblidar mai \u00e9s que cada animal \u00e9s \u00fanic, i que el millor \u00e9s adaptar-se a cada individu estudiant de prop el cas.<\/p>\n<p>Per solucionar immediatament els problemes que un cadell pugui ocasionar o per anar sobre segur en la seva educaci\u00f3, oferim dues opcions:<\/p>\n<p>1. Una sessi\u00f3 d&#8217;assessorament, que no \u00e9s una altra cosa que una visita personal en la qual a la vista del seu comportament expliquem una s\u00e8rie de pautes molt clares per poder portar la situaci\u00f3 per bon cam\u00ed des de l&#8217;inici, a m\u00e9s de resoldre tots els dubtes sobre la seva conducta i educaci\u00f3. Aprofitem per explicar detalladament en qu\u00e8 consisteix l&#8217;ensinistrament per si en un futur pogu\u00e9s interessar. En una \u00fanica sessi\u00f3 deixem clar com hem d&#8217;actuar amb el cadell perqu\u00e8 ell vagi pel cam\u00ed desitjat. Cada animal \u00e9s diferent, i des d&#8217;aqu\u00ed podr\u00edem passar-nos hores escrivint normes generals d&#8217;educaci\u00f3 del cadell sense saber si encertem\u00a0el perfil de cada animal.<\/p>\n<p>2. Una &#8220;tutoria&#8221;, que s\u00f3n un seguit de visites espaiades en el temps en les que anem supervisant els aven\u00e7os que es van fent amb el cadell i marcant progressivament nous objectius i noves normes.<br \/>\n[\/et_pb_accordion_item][et_pb_accordion_item title=&#8221;\u00bf C\u00f3mo adiestrar a nuestro perro?&#8221; _builder_version=&#8221;4.16&#8243; global_colors_info=&#8221;{}&#8221; open=&#8221;off&#8221;]El primer pas sempre ser\u00e0 una visita personal per con\u00e8ixer al gos, els seus h\u00e0bits des que est\u00e0 amb vosaltres i l&#8217;ambient en qu\u00e8 es desenvolupa. A partir d&#8217;aqu\u00ed podem proposar un treball concret, i explicar totes les seves caracter\u00edstiques. \u00c9s l&#8217;\u00fanica manera que tenim per donar una informaci\u00f3 fiable i personalitzada, ja que cada gos requereix un treball diferent, donat que viuen en fam\u00edlies diferents amb horaris, gustos, h\u00e0bits i moltes altres coses tamb\u00e9 diferents que influeixen en el comportament de l&#8217;animal.<\/p>\n<p>Aquesta visita no compromet a res, tot i que s\u00ed s&#8217;ha d&#8217;abonar el seu cost (40\u20ac), per cobrir el despla\u00e7ament (si es deicideix treballar amb nosaltres, es descompta el cost d&#8217;aquesta visita). Una altra opci\u00f3 \u00e9s venir a l&#8217;escola (estem a Lli\u00e7\u00e0 de Vall, a prop de Mollet i Granollers) i no hi hauria cap cost, per\u00f2 en aquest cas es perden detalls de l&#8217;entorn de l&#8217;animal a m\u00e9s que ell, per estar fora del seu ambient, pot mostrar un comportament diferent a l&#8217;habitual. La nostra recomanaci\u00f3 \u00e9s fer aquesta rimera visita a domicili. Per quedar amb nosaltres i parlar sobre la siuaci\u00f3 en particular de cada fam\u00edlia, suggerim que es concerti hora trucant.nos als tel\u00e8fons 931135167 o 609737984.<\/p>\n<p>A partir de la visita, tenint una informaci\u00f3 detallada i a mida de les seves circumst\u00e0ncies, ser\u00e0 el client qui esculli quan i sobretot com comen\u00e7ar. La complexitat o la senzillesa de l&#8217;educaci\u00f3 d&#8217;un gos dep\u00e8n dels objectius que es marquin per l&#8217;ensinistrament i, sobretot, de la facilitat que tinguin els amos per entendre i aplicar les directrius que el seu animal requereixi. A m\u00e9s d&#8217;ensenyar al seu gos, ensenyem tamb\u00e9 els amos a educar-lo, i aix\u00f2 potser ser\u00e0 el m\u00e9s important: que s\u00e0piga com ha d&#8217;actuar amb ell en qualsevol situaci\u00f3.<\/p>\n<p>\u00c9s dif\u00edcil concretar un preu i una durada del treball exactes fins que no podem valorar la situaci\u00f3 amb precisi\u00f3. Hi ha un munt de possibles combinacions: ensinistrament a domicili, internat, a l&#8217;escola&#8230; Recomanem l&#8217;article (https:\/\/conductcan.com\/ObedienciaBasica.pdf) sobre l&#8217;obedi\u00e8ncia b\u00e0sica en la qual es pot llegir quines s\u00f3n les principals opcions de treball que es barallen per poder adaptar-nos a les circumst\u00e0ncies de cada animal.<\/p>\n<p>Cada cas \u00e9s \u00fanic i irrepetible, i hem de cenyir-nos a les circumst\u00e0ncies particulars que el rodegen.<br \/>\n[\/et_pb_accordion_item][et_pb_accordion_item title=&#8221; Informaci\u00f3n sobre nuestra residencia canina&#8221; _builder_version=&#8221;4.16&#8243; global_colors_info=&#8221;{}&#8221; open=&#8221;off&#8221;]Som una escola d&#8217;ensinistrament que donem un servei molt personalitzat, tant en l&#8217;educaci\u00f3 com en la guarderia. En el segon tenim les Dplaces justes per oferir als nostres hostes una atenci\u00f3 cuidada al detall. Aix\u00f2 fa que, mentre que la resta de l&#8217;any sempre tenim places lliures, en temporada alta (Nadal, Setmana Santa i estiu) sigui necessari que els usuaris ens avisin amb antelaci\u00f3 per poder planificar adequadament l&#8217;ocupaci\u00f3 i poder brindar el servei a tots.<\/p>\n<p>Les estances estan a la nostra casa, on disposem de 8500 m de terreny pels gossos. Si \u00e9s un animal que no coneixem pr\u00e8viament, els primers dies sortir\u00e0 lligat (amb corretja extensible), i a mesura\u00a0que veiem que \u00e9s manejable i coneix les nostres rutines, arribar\u00e0 a gaudir lliurement de tot l&#8217;espai. Ens comprometem a tres passejos diaris, sent possible que, mentre no generin conflictes entre ells, gaudeixin del gard\u00ed durant hores.<\/p>\n<p>Donem menjar dos cops al dia: al mat\u00ed i a la nit, sempre despr\u00e9s dels passejos. A no ser que l&#8217;animal requereixi una dieta especial, no \u00e9s necessari portar el pinso.<\/p>\n<p>Els tractaments farmacol\u00f2gics addicionals estan inclosos en el nostre servei. Nom\u00e9s sol\u00b7licitem que, juntament amb la medicaci\u00f3, se&#8217;ns facilitin les indicacions per escrit.<br \/>\n[\/et_pb_accordion_item][\/et_pb_accordion][\/et_pb_column][\/et_pb_row][\/et_pb_section]<\/p>\n","protected":false},"excerpt":{"rendered":"<p>Troba la teva Resposta a Preguntes Freq\u00fcents Conductcan En aquest apartat de Preguntes Freq\u00fcents Conductcan posem a la teva disposici\u00f3 un ampli sortit de preguntes i dubtes amb les seves respectives respostes que segur que t&#8217;ajudaran a entendre millor el teu gos i les seves cures. La nostra intenci\u00f3 sempre ser\u00e0 manetir-los actualitzats i informats [&hellip;]<\/p>\n","protected":false},"author":13,"featured_media":0,"parent":0,"menu_order":6,"comment_status":"closed","ping_status":"closed","template":"","meta":{"_acf_changed":false,"_et_pb_use_builder":"on","_et_pb_old_content":"","_et_gb_content_width":"","footnotes":""},"class_list":["post-3903","page","type-page","status-publish","hentry"],"acf":[],"yoast_head":"<!-- This site is optimized with the Yoast SEO plugin v25.6 - https:\/\/yoast.com\/wordpress\/plugins\/seo\/ -->\n<title>\u25b7 Preguntes Freq\u00fcents - Conductcan<\/title>\n<meta name=\"description\" content=\"Si el que vols saber \u00e9s com ensinistrar un gos de forma satisfact\u00f2ria per tu i per la teva mascota, a Preguntes Freq\u00fcents Conductcan tens la resposta.\" \/>\n<meta name=\"robots\" content=\"index, follow, max-snippet:-1, max-image-preview:large, max-video-preview:-1\" \/>\n<link rel=\"canonical\" href=\"https:\/\/conductcan.com\/ca\/preguntes-frequents\/\" \/>\n<meta property=\"og:locale\" content=\"ca_ES\" \/>\n<meta property=\"og:type\" content=\"article\" \/>\n<meta property=\"og:title\" content=\"\u25b7 Preguntes Freq\u00fcents - Conductcan\" \/>\n<meta property=\"og:description\" content=\"Si el que vols saber \u00e9s com ensinistrar un gos de forma satisfact\u00f2ria per tu i per la teva mascota, a Preguntes Freq\u00fcents Conductcan tens la resposta.\" \/>\n<meta property=\"og:site_name\" content=\"Conductcan\" \/>\n<meta property=\"article:modified_time\" content=\"2025-11-04T22:54:32+00:00\" \/>\n<meta name=\"twitter:card\" content=\"summary_large_image\" \/>\n<meta name=\"twitter:label1\" content=\"Temps estimat de lectura\" \/>\n\t<meta name=\"twitter:data1\" content=\"13 minuts\" \/>\n<!-- \/ Yoast SEO plugin. -->","yoast_head_json":{"title":"\u25b7 Preguntes Freq\u00fcents - Conductcan","description":"Si el que vols saber \u00e9s com ensinistrar un gos de forma satisfact\u00f2ria per tu i per la teva mascota, a Preguntes Freq\u00fcents Conductcan tens la resposta.","robots":{"index":"index","follow":"follow","max-snippet":"max-snippet:-1","max-image-preview":"max-image-preview:large","max-video-preview":"max-video-preview:-1"},"canonical":"https:\/\/conductcan.com\/ca\/preguntes-frequents\/","og_locale":"ca_ES","og_type":"article","og_title":"\u25b7 Preguntes Freq\u00fcents - Conductcan","og_description":"Si el que vols saber \u00e9s com ensinistrar un gos de forma satisfact\u00f2ria per tu i per la teva mascota, a Preguntes Freq\u00fcents Conductcan tens la resposta.","og_site_name":"Conductcan","article_modified_time":"2025-11-04T22:54:32+00:00","twitter_card":"summary_large_image","twitter_misc":{"Temps estimat de lectura":"13 minuts"},"schema":{"@context":"https:\/\/schema.org","@graph":[{"@type":"WebPage","@id":"https:\/\/conductcan.com\/ca\/preguntes-frequents\/","url":"https:\/\/conductcan.com\/ca\/preguntes-frequents\/","name":"\u25b7 Preguntes Freq\u00fcents - Conductcan","isPartOf":{"@id":"https:\/\/conductcan.com\/ca\/#website"},"datePublished":"2021-12-01T08:22:22+00:00","dateModified":"2025-11-04T22:54:32+00:00","description":"Si el que vols saber \u00e9s com ensinistrar un gos de forma satisfact\u00f2ria per tu i per la teva mascota, a Preguntes Freq\u00fcents Conductcan tens la resposta.","breadcrumb":{"@id":"https:\/\/conductcan.com\/ca\/preguntes-frequents\/#breadcrumb"},"inLanguage":"ca","potentialAction":[{"@type":"ReadAction","target":["https:\/\/conductcan.com\/ca\/preguntes-frequents\/"]}]},{"@type":"BreadcrumbList","@id":"https:\/\/conductcan.com\/ca\/preguntes-frequents\/#breadcrumb","itemListElement":[{"@type":"ListItem","position":1,"name":"Portada","item":"https:\/\/conductcan.com\/ca\/"},{"@type":"ListItem","position":2,"name":"Preguntes Freq\u00fcents"}]},{"@type":"WebSite","@id":"https:\/\/conductcan.com\/ca\/#website","url":"https:\/\/conductcan.com\/ca\/","name":"Conductcan","description":"Adiestramiento canino profesional y Residencia.","publisher":{"@id":"https:\/\/conductcan.com\/ca\/#organization"},"potentialAction":[{"@type":"SearchAction","target":{"@type":"EntryPoint","urlTemplate":"https:\/\/conductcan.com\/ca\/?s={search_term_string}"},"query-input":{"@type":"PropertyValueSpecification","valueRequired":true,"valueName":"search_term_string"}}],"inLanguage":"ca"},{"@type":"Organization","@id":"https:\/\/conductcan.com\/ca\/#organization","name":"Conductcan","url":"https:\/\/conductcan.com\/ca\/","logo":{"@type":"ImageObject","inLanguage":"ca","@id":"https:\/\/conductcan.com\/ca\/#\/schema\/logo\/image\/","url":"https:\/\/conductcan.com\/wp-content\/uploads\/2024\/06\/logo_conductcan-2.png","contentUrl":"https:\/\/conductcan.com\/wp-content\/uploads\/2024\/06\/logo_conductcan-2.png","width":301,"height":47,"caption":"Conductcan"},"image":{"@id":"https:\/\/conductcan.com\/ca\/#\/schema\/logo\/image\/"}}]}},"_links":{"self":[{"href":"https:\/\/conductcan.com\/ca\/wp-json\/wp\/v2\/pages\/3903"}],"collection":[{"href":"https:\/\/conductcan.com\/ca\/wp-json\/wp\/v2\/pages"}],"about":[{"href":"https:\/\/conductcan.com\/ca\/wp-json\/wp\/v2\/types\/page"}],"author":[{"embeddable":true,"href":"https:\/\/conductcan.com\/ca\/wp-json\/wp\/v2\/users\/13"}],"replies":[{"embeddable":true,"href":"https:\/\/conductcan.com\/ca\/wp-json\/wp\/v2\/comments?post=3903"}],"version-history":[{"count":9,"href":"https:\/\/conductcan.com\/ca\/wp-json\/wp\/v2\/pages\/3903\/revisions"}],"predecessor-version":[{"id":8557,"href":"https:\/\/conductcan.com\/ca\/wp-json\/wp\/v2\/pages\/3903\/revisions\/8557"}],"wp:attachment":[{"href":"https:\/\/conductcan.com\/ca\/wp-json\/wp\/v2\/media?parent=3903"}],"curies":[{"name":"wp","href":"https:\/\/api.w.org\/{rel}","templated":true}]}}